{"id":2342,"date":"2015-01-13T22:48:41","date_gmt":"2015-01-13T22:48:41","guid":{"rendered":"http:\/\/www.davidoggoliat.is\/vefverkefni\/pepwp\/?page_id=2342"},"modified":"2016-01-27T14:25:00","modified_gmt":"2016-01-27T14:25:00","slug":"homepage","status":"publish","type":"page","link":"https:\/\/www.studionorn.is\/verslun\/","title":{"rendered":"Fors\u00ed\u00f0a"},"content":{"rendered":"<div class=\"woocommerce columns-4\">\n\t\t\t\n\t\t\t<ul class=\"products\">\n\n\t\t\t\t\n\t\t\t\t\t<li class=\"first post-3079 product type-product status-publish has-post-thumbnail product_cat-vorur shipping-taxable purchasable product-type-simple product-cat-vorur instock\">\n\n\t<a href=\"https:\/\/www.studionorn.is\/verslun\/vara\/meindyr-og-varnir\"><img width=\"300\" height=\"300\" src=\"https:\/\/www.studionorn.is\/verslun\/wp-content\/uploads\/meindyr-300x300.jpg\" class=\"attachment-shop_catalog size-shop_catalog wp-post-image\" alt=\"\" decoding=\"async\" loading=\"lazy\" srcset=\"https:\/\/www.studionorn.is\/verslun\/wp-content\/uploads\/meindyr-300x300.jpg 300w, https:\/\/www.studionorn.is\/verslun\/wp-content\/uploads\/meindyr-150x150.jpg 150w, https:\/\/www.studionorn.is\/verslun\/wp-content\/uploads\/meindyr-180x180.jpg 180w\" sizes=\"(max-width: 300px) 100vw, 300px\" \/><h3>Meind\u00fdr og varnir<\/h3>\n\n\t<span class=\"price\"><span class=\"amount\">2,800Kr.<\/span><\/span>\n<\/a><a rel=\"nofollow\" href=\"\/verslun\/wp-json\/wp\/v2\/pages\/2342?add-to-cart=3079\" data-quantity=\"1\" data-product_id=\"3079\" data-product_sku=\"\" class=\"button product_type_simple add_to_cart_button ajax_add_to_cart\">Setja \u00ed k\u00f6rfu<\/a>\n<\/li>\n\n\t\t\t\t\n\t\t\t\t\t<li class=\"post-3075 product type-product status-publish has-post-thumbnail product_cat-vorur shipping-taxable purchasable product-type-simple product-cat-vorur instock\">\n\n\t<a href=\"https:\/\/www.studionorn.is\/verslun\/vara\/hvislid-i-salinni\"><img width=\"300\" height=\"300\" src=\"https:\/\/www.studionorn.is\/verslun\/wp-content\/uploads\/hvislid-300x300.jpg\" class=\"attachment-shop_catalog size-shop_catalog wp-post-image\" alt=\"\" decoding=\"async\" loading=\"lazy\" srcset=\"https:\/\/www.studionorn.is\/verslun\/wp-content\/uploads\/hvislid-300x300.jpg 300w, https:\/\/www.studionorn.is\/verslun\/wp-content\/uploads\/hvislid-150x150.jpg 150w, https:\/\/www.studionorn.is\/verslun\/wp-content\/uploads\/hvislid-768x768.jpg 768w, https:\/\/www.studionorn.is\/verslun\/wp-content\/uploads\/hvislid-180x180.jpg 180w, https:\/\/www.studionorn.is\/verslun\/wp-content\/uploads\/hvislid-600x600.jpg 600w, https:\/\/www.studionorn.is\/verslun\/wp-content\/uploads\/hvislid-e1488970241259.jpg 500w\" sizes=\"(max-width: 300px) 100vw, 300px\" \/><h3>Hv\u00edsli\u00f0 \u00ed S\u00e1linni<\/h3>\n\n\t<span class=\"price\"><span class=\"amount\">2,800Kr.<\/span><\/span>\n<\/a><a rel=\"nofollow\" href=\"\/verslun\/wp-json\/wp\/v2\/pages\/2342?add-to-cart=3075\" data-quantity=\"1\" data-product_id=\"3075\" data-product_sku=\"\" class=\"button product_type_simple add_to_cart_button ajax_add_to_cart\">Setja \u00ed k\u00f6rfu<\/a>\n<\/li>\n\n\t\t\t\t\n\t\t\t\t\t<li class=\"post-3072 product type-product status-publish has-post-thumbnail product_cat-vorur shipping-taxable purchasable product-type-simple product-cat-vorur instock\">\n\n\t<a href=\"https:\/\/www.studionorn.is\/verslun\/vara\/laugardagskvold-6-log\"><img width=\"300\" height=\"300\" src=\"https:\/\/www.studionorn.is\/verslun\/wp-content\/uploads\/SN-007-Laugardagskvo\u0308ld-300x300.jpg\" class=\"attachment-shop_catalog size-shop_catalog wp-post-image\" alt=\"\" decoding=\"async\" loading=\"lazy\" srcset=\"https:\/\/www.studionorn.is\/verslun\/wp-content\/uploads\/SN-007-Laugardagskvo\u0308ld-300x300.jpg 300w, https:\/\/www.studionorn.is\/verslun\/wp-content\/uploads\/SN-007-Laugardagskvo\u0308ld-150x150.jpg 150w, https:\/\/www.studionorn.is\/verslun\/wp-content\/uploads\/SN-007-Laugardagskvo\u0308ld-180x180.jpg 180w, https:\/\/www.studionorn.is\/verslun\/wp-content\/uploads\/SN-007-Laugardagskvo\u0308ld.jpg 600w\" sizes=\"(max-width: 300px) 100vw, 300px\" \/><h3>Laugardagskv\u00f6ld &#8211; 6 l\u00f6g<\/h3>\n\n\t<span class=\"price\"><span class=\"amount\">1,500Kr.<\/span><\/span>\n<\/a><a rel=\"nofollow\" href=\"\/verslun\/wp-json\/wp\/v2\/pages\/2342?add-to-cart=3072\" data-quantity=\"1\" data-product_id=\"3072\" data-product_sku=\"\" class=\"button product_type_simple add_to_cart_button ajax_add_to_cart\">Setja \u00ed k\u00f6rfu<\/a>\n<\/li>\n\n\t\t\t\t\n\t\t\t\t\t<li class=\"last post-3067 product type-product status-publish has-post-thumbnail product_cat-vorur shipping-taxable purchasable product-type-simple product-cat-vorur instock\">\n\n\t<a href=\"https:\/\/www.studionorn.is\/verslun\/vara\/o-pabbi-minn-1-lag\"><img width=\"300\" height=\"300\" src=\"https:\/\/www.studionorn.is\/verslun\/wp-content\/uploads\/SN-006-O\u0301-pabbi-minn-300x300.jpg\" class=\"attachment-shop_catalog size-shop_catalog wp-post-image\" alt=\"\" decoding=\"async\" loading=\"lazy\" srcset=\"https:\/\/www.studionorn.is\/verslun\/wp-content\/uploads\/SN-006-O\u0301-pabbi-minn-300x300.jpg 300w, https:\/\/www.studionorn.is\/verslun\/wp-content\/uploads\/SN-006-O\u0301-pabbi-minn-150x150.jpg 150w, https:\/\/www.studionorn.is\/verslun\/wp-content\/uploads\/SN-006-O\u0301-pabbi-minn-180x180.jpg 180w, https:\/\/www.studionorn.is\/verslun\/wp-content\/uploads\/SN-006-O\u0301-pabbi-minn.jpg 600w\" sizes=\"(max-width: 300px) 100vw, 300px\" \/><h3>\u00d3 pabbi minn 1 lag<\/h3>\n\n\t<span class=\"price\"><span class=\"amount\">800Kr.<\/span><\/span>\n<\/a><a rel=\"nofollow\" href=\"\/verslun\/wp-json\/wp\/v2\/pages\/2342?add-to-cart=3067\" data-quantity=\"1\" data-product_id=\"3067\" data-product_sku=\"\" class=\"button product_type_simple add_to_cart_button ajax_add_to_cart\">Setja \u00ed k\u00f6rfu<\/a>\n<\/li>\n\n\t\t\t\t\n\t\t\t\t\t<li class=\"first post-3023 product type-product status-publish has-post-thumbnail product_cat-vorur shipping-taxable purchasable product-type-simple product-cat-vorur instock\">\n\n\t<a href=\"https:\/\/www.studionorn.is\/verslun\/vara\/spegillinn-i-salinni\"><img width=\"300\" height=\"300\" src=\"https:\/\/www.studionorn.is\/verslun\/wp-content\/uploads\/SN-005-Spegillinn-\u00ed-s\u00e1linni-Booklet-front-300x300.jpg\" class=\"attachment-shop_catalog size-shop_catalog wp-post-image\" alt=\"\" decoding=\"async\" loading=\"lazy\" srcset=\"https:\/\/www.studionorn.is\/verslun\/wp-content\/uploads\/SN-005-Spegillinn-\u00ed-s\u00e1linni-Booklet-front-300x300.jpg 300w, https:\/\/www.studionorn.is\/verslun\/wp-content\/uploads\/SN-005-Spegillinn-\u00ed-s\u00e1linni-Booklet-front-150x150.jpg 150w, https:\/\/www.studionorn.is\/verslun\/wp-content\/uploads\/SN-005-Spegillinn-\u00ed-s\u00e1linni-Booklet-front-180x180.jpg 180w, https:\/\/www.studionorn.is\/verslun\/wp-content\/uploads\/SN-005-Spegillinn-\u00ed-s\u00e1linni-Booklet-front.jpg 339w\" sizes=\"(max-width: 300px) 100vw, 300px\" \/><h3>Spegillinn \u00ed s\u00e1linni 15 l\u00f6g<\/h3>\n\n\t<span class=\"price\"><span class=\"amount\">2,800Kr.<\/span><\/span>\n<\/a><a rel=\"nofollow\" href=\"\/verslun\/wp-json\/wp\/v2\/pages\/2342?add-to-cart=3023\" data-quantity=\"1\" data-product_id=\"3023\" data-product_sku=\"\" class=\"button product_type_simple add_to_cart_button ajax_add_to_cart\">Setja \u00ed k\u00f6rfu<\/a>\n<\/li>\n\n\t\t\t\t\n\t\t\t\t\t<li class=\"post-3022 product type-product status-publish has-post-thumbnail product_cat-vorur shipping-taxable purchasable product-type-simple product-cat-vorur instock\">\n\n\t<a href=\"https:\/\/www.studionorn.is\/verslun\/vara\/er-eg-sigli-goli\"><img width=\"300\" height=\"300\" src=\"https:\/\/www.studionorn.is\/verslun\/wp-content\/uploads\/SN-004-Er-\u00e9g-sigli-Booklet-front-300x300.jpg\" class=\"attachment-shop_catalog size-shop_catalog wp-post-image\" alt=\"\" decoding=\"async\" loading=\"lazy\" srcset=\"https:\/\/www.studionorn.is\/verslun\/wp-content\/uploads\/SN-004-Er-\u00e9g-sigli-Booklet-front-300x300.jpg 300w, https:\/\/www.studionorn.is\/verslun\/wp-content\/uploads\/SN-004-Er-\u00e9g-sigli-Booklet-front-150x150.jpg 150w, https:\/\/www.studionorn.is\/verslun\/wp-content\/uploads\/SN-004-Er-\u00e9g-sigli-Booklet-front-180x180.jpg 180w, https:\/\/www.studionorn.is\/verslun\/wp-content\/uploads\/SN-004-Er-\u00e9g-sigli-Booklet-front.jpg 339w\" sizes=\"(max-width: 300px) 100vw, 300px\" \/><h3>Er \u00e9g sigli 1 lag<\/h3>\n\n\t<span class=\"price\"><span class=\"amount\">600Kr.<\/span><\/span>\n<\/a><a rel=\"nofollow\" href=\"\/verslun\/wp-json\/wp\/v2\/pages\/2342?add-to-cart=3022\" data-quantity=\"1\" data-product_id=\"3022\" data-product_sku=\"\" class=\"button product_type_simple add_to_cart_button ajax_add_to_cart\">Setja \u00ed k\u00f6rfu<\/a>\n<\/li>\n\n\t\t\t\t\n\t\t\t\t\t<li class=\"post-3021 product type-product status-publish has-post-thumbnail product_cat-vorur shipping-taxable purchasable product-type-simple product-cat-vorur instock\">\n\n\t<a href=\"https:\/\/www.studionorn.is\/verslun\/vara\/thu-ert-min-ast-goli\"><img width=\"300\" height=\"300\" src=\"https:\/\/www.studionorn.is\/verslun\/wp-content\/uploads\/SN-003-\u00de\u00fa-ert-m\u00edn-\u00e1st-Booklet-front-300x300.jpg\" class=\"attachment-shop_catalog size-shop_catalog wp-post-image\" alt=\"\" decoding=\"async\" loading=\"lazy\" srcset=\"https:\/\/www.studionorn.is\/verslun\/wp-content\/uploads\/SN-003-\u00de\u00fa-ert-m\u00edn-\u00e1st-Booklet-front-300x300.jpg 300w, https:\/\/www.studionorn.is\/verslun\/wp-content\/uploads\/SN-003-\u00de\u00fa-ert-m\u00edn-\u00e1st-Booklet-front-150x150.jpg 150w, https:\/\/www.studionorn.is\/verslun\/wp-content\/uploads\/SN-003-\u00de\u00fa-ert-m\u00edn-\u00e1st-Booklet-front-180x180.jpg 180w, https:\/\/www.studionorn.is\/verslun\/wp-content\/uploads\/SN-003-\u00de\u00fa-ert-m\u00edn-\u00e1st-Booklet-front.jpg 339w\" sizes=\"(max-width: 300px) 100vw, 300px\" \/><h3>\u00de\u00fa ert m\u00edn \u00e1st 1 lag<\/h3>\n\n\t<span class=\"price\"><span class=\"amount\">600Kr.<\/span><\/span>\n<\/a><a rel=\"nofollow\" href=\"\/verslun\/wp-json\/wp\/v2\/pages\/2342?add-to-cart=3021\" data-quantity=\"1\" data-product_id=\"3021\" data-product_sku=\"\" class=\"button product_type_simple add_to_cart_button ajax_add_to_cart\">Setja \u00ed k\u00f6rfu<\/a>\n<\/li>\n\n\t\t\t\t\n\t\t\t\t\t<li class=\"last post-3020 product type-product status-publish has-post-thumbnail product_cat-vorur shipping-taxable purchasable product-type-simple product-cat-vorur instock\">\n\n\t<a href=\"https:\/\/www.studionorn.is\/verslun\/vara\/jolin-koma-bratt-goli\"><img width=\"300\" height=\"300\" src=\"https:\/\/www.studionorn.is\/verslun\/wp-content\/uploads\/SN-002-J\u00f3lin-koma-br\u00e1tt-Booklet-front-300x300.jpg\" class=\"attachment-shop_catalog size-shop_catalog wp-post-image\" alt=\"\" decoding=\"async\" loading=\"lazy\" srcset=\"https:\/\/www.studionorn.is\/verslun\/wp-content\/uploads\/SN-002-J\u00f3lin-koma-br\u00e1tt-Booklet-front-300x300.jpg 300w, https:\/\/www.studionorn.is\/verslun\/wp-content\/uploads\/SN-002-J\u00f3lin-koma-br\u00e1tt-Booklet-front-150x150.jpg 150w, https:\/\/www.studionorn.is\/verslun\/wp-content\/uploads\/SN-002-J\u00f3lin-koma-br\u00e1tt-Booklet-front-180x180.jpg 180w, https:\/\/www.studionorn.is\/verslun\/wp-content\/uploads\/SN-002-J\u00f3lin-koma-br\u00e1tt-Booklet-front.jpg 339w\" sizes=\"(max-width: 300px) 100vw, 300px\" \/><h3>J\u00f3lin koma br\u00e1tt 1 lag<\/h3>\n\n\t<span class=\"price\"><span class=\"amount\">600Kr.<\/span><\/span>\n<\/a><a rel=\"nofollow\" href=\"\/verslun\/wp-json\/wp\/v2\/pages\/2342?add-to-cart=3020\" data-quantity=\"1\" data-product_id=\"3020\" data-product_sku=\"\" class=\"button product_type_simple add_to_cart_button ajax_add_to_cart\">Setja \u00ed k\u00f6rfu<\/a>\n<\/li>\n\n\t\t\t\t\n\t\t\t\t\t<li class=\"first post-3014 product type-product status-publish has-post-thumbnail product_cat-vorur shipping-taxable purchasable product-type-simple product-cat-vorur instock\">\n\n\t<a href=\"https:\/\/www.studionorn.is\/verslun\/vara\/sporin-i-salinn\"><img width=\"300\" height=\"300\" src=\"https:\/\/www.studionorn.is\/verslun\/wp-content\/uploads\/SN-001-Sporin-\u00ed-s\u00e1linni-Booklet-front-300x300.jpg\" class=\"attachment-shop_catalog size-shop_catalog wp-post-image\" alt=\"\" decoding=\"async\" loading=\"lazy\" srcset=\"https:\/\/www.studionorn.is\/verslun\/wp-content\/uploads\/SN-001-Sporin-\u00ed-s\u00e1linni-Booklet-front-300x300.jpg 300w, https:\/\/www.studionorn.is\/verslun\/wp-content\/uploads\/SN-001-Sporin-\u00ed-s\u00e1linni-Booklet-front-150x150.jpg 150w, https:\/\/www.studionorn.is\/verslun\/wp-content\/uploads\/SN-001-Sporin-\u00ed-s\u00e1linni-Booklet-front-180x180.jpg 180w\" sizes=\"(max-width: 300px) 100vw, 300px\" \/><h3>Sporin \u00ed s\u00e1linni 15 l\u00f6g<\/h3>\n\n\t<span class=\"price\"><span class=\"amount\">2,800Kr.<\/span><\/span>\n<\/a><a rel=\"nofollow\" href=\"\/verslun\/wp-json\/wp\/v2\/pages\/2342?add-to-cart=3014\" data-quantity=\"1\" data-product_id=\"3014\" data-product_sku=\"\" class=\"button product_type_simple add_to_cart_button ajax_add_to_cart\">Setja \u00ed k\u00f6rfu<\/a>\n<\/li>\n\n\t\t\t\t\n\t\t\t<\/ul>\n\n\t\t\t\n\t\t<\/div>","protected":false},"excerpt":{"rendered":"","protected":false},"author":1,"featured_media":0,"parent":0,"menu_order":0,"comment_status":"closed","ping_status":"closed","template":"","meta":[],"_links":{"self":[{"href":"https:\/\/www.studionorn.is\/verslun\/wp-json\/wp\/v2\/pages\/2342"}],"collection":[{"href":"https:\/\/www.studionorn.is\/verslun\/wp-json\/wp\/v2\/pages"}],"about":[{"href":"https:\/\/www.studionorn.is\/verslun\/wp-json\/wp\/v2\/types\/page"}],"author":[{"embeddable":true,"href":"https:\/\/www.studionorn.is\/verslun\/wp-json\/wp\/v2\/users\/1"}],"replies":[{"embeddable":true,"href":"https:\/\/www.studionorn.is\/verslun\/wp-json\/wp\/v2\/comments?post=2342"}],"version-history":[{"count":19,"href":"https:\/\/www.studionorn.is\/verslun\/wp-json\/wp\/v2\/pages\/2342\/revisions"}],"predecessor-version":[{"id":3052,"href":"https:\/\/www.studionorn.is\/verslun\/wp-json\/wp\/v2\/pages\/2342\/revisions\/3052"}],"wp:attachment":[{"href":"https:\/\/www.studionorn.is\/verslun\/wp-json\/wp\/v2\/media?parent=2342"}],"curies":[{"name":"wp","href":"https:\/\/api.w.org\/{rel}","templated":true}]}}